{"id":1135,"date":"2023-06-02T15:51:09","date_gmt":"2023-06-02T13:51:09","guid":{"rendered":"https:\/\/shamanikx.com\/?page_id=1135"},"modified":"2023-06-04T14:49:55","modified_gmt":"2023-06-04T12:49:55","slug":"intro","status":"publish","type":"page","link":"https:\/\/shamanikx.com\/","title":{"rendered":"Intro"},"content":{"rendered":"\t\t<div data-elementor-type=\"wp-page\" data-elementor-id=\"1135\" class=\"elementor elementor-1135\">\n\t\t\t\t\t\t<section class=\"elementor-section elementor-top-section elementor-element elementor-element-1332c75b elementor-section-height-min-height elementor-section-content-middle elementor-section-boxed elementor-section-height-default elementor-section-items-middle\" data-id=\"1332c75b\" data-element_type=\"section\" data-settings=\"{&quot;background_background&quot;:&quot;classic&quot;}\">\n\t\t\t\t\t\t\t<div class=\"elementor-background-overlay\"><\/div>\n\t\t\t\t\t\t\t<div class=\"elementor-container elementor-column-gap-no\">\n\t\t\t\t\t<div class=\"elementor-column elementor-col-100 elementor-top-column elementor-element elementor-element-41e41c6e\" data-id=\"41e41c6e\" data-element_type=\"column\">\n\t\t\t<div class=\"elementor-widget-wrap elementor-element-populated\">\n\t\t\t\t\t\t<div class=\"elementor-element elementor-element-453813b elementor-widget elementor-widget-animated-headline\" data-id=\"453813b\" data-element_type=\"widget\" data-widget_type=\"animated-headline.default\">\n\t\t\t\t<div class=\"elementor-widget-container\">\n\t\t\t \t\t<\/div>\n\t\t\t\t<\/div>\n\t\t\t\t<div class=\"elementor-element elementor-element-e6ed2eb elementor-widget elementor-widget-text-editor\" data-id=\"e6ed2eb\" data-element_type=\"widget\" data-widget_type=\"text-editor.default\">\n\t\t\t\t<div class=\"elementor-widget-container\">\n\t\t\t\t\t\t\t<p>El espacio donde podr\u00e1s encontrar la gu\u00eda, las respuestas que necesitas, la luz en momentos de oscuridad! Si te encuentras en un despertar o necesitas ayuda para ver las respuestas&#8230;<\/p>\t\t\t\t\t\t<\/div>\n\t\t\t\t<\/div>\n\t\t\t\t<div class=\"elementor-element elementor-element-36788692 elementor-align-center elementor-widget elementor-widget-button\" data-id=\"36788692\" data-element_type=\"widget\" data-widget_type=\"button.default\">\n\t\t\t\t<div class=\"elementor-widget-container\">\n\t\t\t\t\t<div class=\"elementor-button-wrapper\">\n\t\t\t<a class=\"elementor-button elementor-button-link elementor-size-sm elementor-animation-grow\" href=\"https:\/\/shamanikx.com\/index.php\/tienda\/\">\n\t\t\t\t\t\t<span class=\"elementor-button-content-wrapper\">\n\t\t\t\t\t\t\t\t\t<span class=\"elementor-button-text\">Comencemos<\/span>\n\t\t\t\t\t<\/span>\n\t\t\t\t\t<\/a>\n\t\t<\/div>\n\t\t\t\t<\/div>\n\t\t\t\t<\/div>\n\t\t\t\t\t<\/div>\n\t\t<\/div>\n\t\t\t\t\t<\/div>\n\t\t<\/section>\n\t\t\t\t<section class=\"elementor-section elementor-top-section elementor-element elementor-element-3b862ed1 elementor-section-full_width elementor-section-height-default elementor-section-height-default\" data-id=\"3b862ed1\" data-element_type=\"section\">\n\t\t\t\t\t\t<div class=\"elementor-container elementor-column-gap-default\">\n\t\t\t\t\t<div class=\"elementor-column elementor-col-33 elementor-top-column elementor-element elementor-element-1d4c5f71\" data-id=\"1d4c5f71\" data-element_type=\"column\">\n\t\t\t<div class=\"elementor-widget-wrap elementor-element-populated\">\n\t\t\t\t\t\t<div class=\"elementor-element elementor-element-376b42d3 elementor-widget elementor-widget-image\" data-id=\"376b42d3\" data-element_type=\"widget\" data-widget_type=\"image.default\">\n\t\t\t\t<div class=\"elementor-widget-container\">\n\t\t\t\t\t\t\t\t\t\t\t\t\t<img fetchpriority=\"high\" decoding=\"async\" width=\"331\" height=\"456\" src=\"https:\/\/shamanikx.com\/wp-content\/uploads\/2023\/06\/1-1.jpg\" class=\"attachment-full size-full wp-image-1167\" alt=\"\" srcset=\"https:\/\/shamanikx.com\/wp-content\/uploads\/2023\/06\/1-1.jpg 331w, https:\/\/shamanikx.com\/wp-content\/uploads\/2023\/06\/1-1-218x300.jpg 218w\" sizes=\"(max-width: 331px) 100vw, 331px\" \/>\t\t\t\t\t\t\t\t\t\t\t\t\t<\/div>\n\t\t\t\t<\/div>\n\t\t\t\t<div class=\"elementor-element elementor-element-7884dc93 elementor-widget elementor-widget-image\" data-id=\"7884dc93\" data-element_type=\"widget\" data-widget_type=\"image.default\">\n\t\t\t\t<div class=\"elementor-widget-container\">\n\t\t\t\t\t\t\t\t\t\t\t\t\t<img decoding=\"async\" width=\"331\" height=\"258\" src=\"https:\/\/shamanikx.com\/wp-content\/uploads\/2023\/06\/2.jpg\" class=\"attachment-full size-full wp-image-1170\" alt=\"\" srcset=\"https:\/\/shamanikx.com\/wp-content\/uploads\/2023\/06\/2.jpg 331w, https:\/\/shamanikx.com\/wp-content\/uploads\/2023\/06\/2-300x234.jpg 300w\" sizes=\"(max-width: 331px) 100vw, 331px\" \/>\t\t\t\t\t\t\t\t\t\t\t\t\t<\/div>\n\t\t\t\t<\/div>\n\t\t\t\t\t<\/div>\n\t\t<\/div>\n\t\t\t\t<div class=\"elementor-column elementor-col-33 elementor-top-column elementor-element elementor-element-70708c7b\" data-id=\"70708c7b\" data-element_type=\"column\">\n\t\t\t<div class=\"elementor-widget-wrap elementor-element-populated\">\n\t\t\t\t\t\t<section class=\"elementor-section elementor-inner-section elementor-element elementor-element-7d0e150c elementor-section-height-min-height elementor-section-boxed elementor-section-height-default\" data-id=\"7d0e150c\" data-element_type=\"section\">\n\t\t\t\t\t\t<div class=\"elementor-container elementor-column-gap-default\">\n\t\t\t\t\t<div class=\"elementor-column elementor-col-100 elementor-inner-column elementor-element elementor-element-5808432d\" data-id=\"5808432d\" data-element_type=\"column\">\n\t\t\t<div class=\"elementor-widget-wrap elementor-element-populated\">\n\t\t\t\t\t\t<div class=\"elementor-element elementor-element-24870671 elementor-widget elementor-widget-heading\" data-id=\"24870671\" data-element_type=\"widget\" data-widget_type=\"heading.default\">\n\t\t\t\t<div class=\"elementor-widget-container\">\n\t\t\t<h2 class=\"elementor-heading-title elementor-size-default\">sobre <b>mi<\/b><\/h2>\t\t<\/div>\n\t\t\t\t<\/div>\n\t\t\t\t<div class=\"elementor-element elementor-element-59b489aa elementor-widget elementor-widget-text-editor\" data-id=\"59b489aa\" data-element_type=\"widget\" data-widget_type=\"text-editor.default\">\n\t\t\t\t<div class=\"elementor-widget-container\">\n\t\t\t\t\t\t\t<p>Nacida bajo el signo de G\u00e9minis, desde peque\u00f1a he desarrollado una gran sensibilidad con los planos sutiles, la ultima realidad, y la conexi\u00f3n con cosas inexplicables\u2026\u00a0Al menos as\u00ed lo cre\u00eda.\u00a0Hija de padre Chaman (ademas de haber sido quien me ha ayudado en mi iniciaci\u00f3n en este largo e infinito camino), y madre amante de la naturaleza y una gran referente en el amor incondicional y la sanaci\u00f3n.<\/p>\t\t\t\t\t\t<\/div>\n\t\t\t\t<\/div>\n\t\t\t\t\t<\/div>\n\t\t<\/div>\n\t\t\t\t\t<\/div>\n\t\t<\/section>\n\t\t\t\t\t<\/div>\n\t\t<\/div>\n\t\t\t\t<div class=\"elementor-column elementor-col-33 elementor-top-column elementor-element elementor-element-6ae2a859\" data-id=\"6ae2a859\" data-element_type=\"column\">\n\t\t\t<div class=\"elementor-widget-wrap elementor-element-populated\">\n\t\t\t\t\t\t<div class=\"elementor-element elementor-element-55c93cca elementor-widget elementor-widget-image\" data-id=\"55c93cca\" data-element_type=\"widget\" data-widget_type=\"image.default\">\n\t\t\t\t<div class=\"elementor-widget-container\">\n\t\t\t\t\t\t\t\t\t\t\t\t\t<img decoding=\"async\" width=\"331\" height=\"258\" src=\"https:\/\/shamanikx.com\/wp-content\/uploads\/2023\/06\/Sin-titulo-2.jpg\" class=\"attachment-full size-full wp-image-1168\" alt=\"\" srcset=\"https:\/\/shamanikx.com\/wp-content\/uploads\/2023\/06\/Sin-titulo-2.jpg 331w, https:\/\/shamanikx.com\/wp-content\/uploads\/2023\/06\/Sin-titulo-2-300x234.jpg 300w\" sizes=\"(max-width: 331px) 100vw, 331px\" \/>\t\t\t\t\t\t\t\t\t\t\t\t\t<\/div>\n\t\t\t\t<\/div>\n\t\t\t\t<div class=\"elementor-element elementor-element-1a28da57 elementor-widget elementor-widget-image\" data-id=\"1a28da57\" data-element_type=\"widget\" data-widget_type=\"image.default\">\n\t\t\t\t<div class=\"elementor-widget-container\">\n\t\t\t\t\t\t\t\t\t\t\t\t\t<img loading=\"lazy\" decoding=\"async\" width=\"331\" height=\"456\" src=\"https:\/\/shamanikx.com\/wp-content\/uploads\/2023\/06\/4.jpg\" class=\"attachment-full size-full wp-image-1169\" alt=\"\" srcset=\"https:\/\/shamanikx.com\/wp-content\/uploads\/2023\/06\/4.jpg 331w, https:\/\/shamanikx.com\/wp-content\/uploads\/2023\/06\/4-218x300.jpg 218w\" sizes=\"(max-width: 331px) 100vw, 331px\" \/>\t\t\t\t\t\t\t\t\t\t\t\t\t<\/div>\n\t\t\t\t<\/div>\n\t\t\t\t\t<\/div>\n\t\t<\/div>\n\t\t\t\t\t<\/div>\n\t\t<\/section>\n\t\t\t\t<section class=\"elementor-section elementor-top-section elementor-element elementor-element-7acdf79 elementor-section-full_width elementor-section-height-default elementor-section-height-default\" data-id=\"7acdf79\" data-element_type=\"section\">\n\t\t\t\t\t\t<div class=\"elementor-container elementor-column-gap-default\">\n\t\t\t\t\t<div class=\"elementor-column elementor-col-50 elementor-top-column elementor-element elementor-element-27799741\" data-id=\"27799741\" data-element_type=\"column\">\n\t\t\t<div class=\"elementor-widget-wrap elementor-element-populated\">\n\t\t\t\t\t\t<div class=\"elementor-element elementor-element-77cd34bb elementor-widget-divider--view-line elementor-widget elementor-widget-divider\" data-id=\"77cd34bb\" data-element_type=\"widget\" data-widget_type=\"divider.default\">\n\t\t\t\t<div class=\"elementor-widget-container\">\n\t\t\t\t\t<div class=\"elementor-divider\">\n\t\t\t<span class=\"elementor-divider-separator\">\n\t\t\t\t\t\t<\/span>\n\t\t<\/div>\n\t\t\t\t<\/div>\n\t\t\t\t<\/div>\n\t\t\t\t\t<\/div>\n\t\t<\/div>\n\t\t\t\t<div class=\"elementor-column elementor-col-50 elementor-top-column elementor-element elementor-element-4265be32\" data-id=\"4265be32\" data-element_type=\"column\">\n\t\t\t<div class=\"elementor-widget-wrap elementor-element-populated\">\n\t\t\t\t\t\t<div class=\"elementor-element elementor-element-42b41609 elementor-widget elementor-widget-text-editor\" data-id=\"42b41609\" data-element_type=\"widget\" data-widget_type=\"text-editor.default\">\n\t\t\t\t<div class=\"elementor-widget-container\">\n\t\t\t\t\t\t\t<p>Estableciendo una gran conexi\u00f3n con esa Ultima Realidad o Gran Conciencia Creadora, utilizo mis habilidades y capacidades para canalizar los mensajes que aquellas personas que contactan conmigo necesitan.\u00a0Ayudar a quienes as\u00ed lo necesiten es uno de mis prop\u00f3sitos en esta vida, as\u00ed como ayudar a guiar su camino (tomando de referencia el entendimiento transmitido a mi conciencia por ese gran Ser Superior: Dios, El universo, entre otros tantos centenares de nombres).<br \/>Mi despertar ha comenzado a\u00f1os atr\u00e1s y con amor y pasi\u00f3n por lo que hago transito a trav\u00e9s de esta vida buscando lograr con \u00e9xito mi prop\u00f3sito en esta existencia.<\/p>\t\t\t\t\t\t<\/div>\n\t\t\t\t<\/div>\n\t\t\t\t\t<\/div>\n\t\t<\/div>\n\t\t\t\t\t<\/div>\n\t\t<\/section>\n\t\t\t\t<section class=\"elementor-section elementor-top-section elementor-element elementor-element-4221f1bd elementor-section-full_width elementor-section-height-default elementor-section-height-default\" data-id=\"4221f1bd\" data-element_type=\"section\">\n\t\t\t\t\t\t<div class=\"elementor-container elementor-column-gap-default\">\n\t\t\t\t\t<div class=\"elementor-column elementor-col-50 elementor-top-column elementor-element elementor-element-55423d53\" data-id=\"55423d53\" data-element_type=\"column\">\n\t\t\t<div class=\"elementor-widget-wrap elementor-element-populated\">\n\t\t\t\t\t\t<div class=\"elementor-element elementor-element-54c7a43d elementor-widget elementor-widget-image\" data-id=\"54c7a43d\" data-element_type=\"widget\" data-widget_type=\"image.default\">\n\t\t\t\t<div class=\"elementor-widget-container\">\n\t\t\t\t\t\t\t\t\t\t\t\t\t<img loading=\"lazy\" decoding=\"async\" width=\"150\" height=\"150\" src=\"https:\/\/shamanikx.com\/wp-content\/uploads\/2023\/06\/Sin-titulo-1-copia-150x150.jpg\" class=\"attachment-thumbnail size-thumbnail wp-image-1196\" alt=\"\" srcset=\"https:\/\/shamanikx.com\/wp-content\/uploads\/2023\/06\/Sin-titulo-1-copia-150x150.jpg 150w, https:\/\/shamanikx.com\/wp-content\/uploads\/2023\/06\/Sin-titulo-1-copia-100x100.jpg 100w, https:\/\/shamanikx.com\/wp-content\/uploads\/2023\/06\/Sin-titulo-1-copia.jpg 300w\" sizes=\"(max-width: 150px) 100vw, 150px\" \/>\t\t\t\t\t\t\t\t\t\t\t\t\t<\/div>\n\t\t\t\t<\/div>\n\t\t\t\t\t<\/div>\n\t\t<\/div>\n\t\t\t\t<div class=\"elementor-column elementor-col-50 elementor-top-column elementor-element elementor-element-715affb6\" data-id=\"715affb6\" data-element_type=\"column\">\n\t\t\t<div class=\"elementor-widget-wrap elementor-element-populated\">\n\t\t\t\t\t\t<section class=\"elementor-section elementor-inner-section elementor-element elementor-element-50be6bfd elementor-section-height-min-height elementor-section-boxed elementor-section-height-default\" data-id=\"50be6bfd\" data-element_type=\"section\">\n\t\t\t\t\t\t<div class=\"elementor-container elementor-column-gap-default\">\n\t\t\t\t\t<div class=\"elementor-column elementor-col-100 elementor-inner-column elementor-element elementor-element-7c0a68b9\" data-id=\"7c0a68b9\" data-element_type=\"column\">\n\t\t\t<div class=\"elementor-widget-wrap elementor-element-populated\">\n\t\t\t\t\t\t<div class=\"elementor-element elementor-element-1bfcb27a elementor-widget elementor-widget-heading\" data-id=\"1bfcb27a\" data-element_type=\"widget\" data-widget_type=\"heading.default\">\n\t\t\t\t<div class=\"elementor-widget-container\">\n\t\t\t<h3 class=\"elementor-heading-title elementor-size-default\">consultora\/\/coach<\/h3>\t\t<\/div>\n\t\t\t\t<\/div>\n\t\t\t\t<div class=\"elementor-element elementor-element-2971ee3b elementor-widget elementor-widget-text-editor\" data-id=\"2971ee3b\" data-element_type=\"widget\" data-widget_type=\"text-editor.default\">\n\t\t\t\t<div class=\"elementor-widget-container\">\n\t\t\t\t\t\t\t<p><strong>nimsay<\/strong><\/p>\t\t\t\t\t\t<\/div>\n\t\t\t\t<\/div>\n\t\t\t\t<div class=\"elementor-element elementor-element-251db944 elementor-widget elementor-widget-text-editor\" data-id=\"251db944\" data-element_type=\"widget\" data-widget_type=\"text-editor.default\">\n\t\t\t\t<div class=\"elementor-widget-container\">\n\t\t\t\t\t\t\t<p>SI LO CREES, LO CREAS. ESTAMOS AQU\u00cd PARA APRENDER, PARA CRECER, Y PARA DESARROLLAR UN ESTILO DE VIDA QUE REFLEJE NUESTROS MAS PROFUNDOS DESEOS DEL CORAZ\u00d3N, Y TODO ESTO ES POSIBLE, PERO EL VERDADERO PODER EST\u00c1 DENTRO NUESTRO Y EN LA CONFIANZA DE QUE SOMOS COMPLETAMENTE CAPACES DE LOGRARLO!<\/p>\t\t\t\t\t\t<\/div>\n\t\t\t\t<\/div>\n\t\t\t\t\t<\/div>\n\t\t<\/div>\n\t\t\t\t\t<\/div>\n\t\t<\/section>\n\t\t\t\t\t<\/div>\n\t\t<\/div>\n\t\t\t\t\t<\/div>\n\t\t<\/section>\n\t\t\t\t<section class=\"elementor-section elementor-top-section elementor-element elementor-element-c7a60cf elementor-section-full_width elementor-section-height-default elementor-section-height-default\" data-id=\"c7a60cf\" data-element_type=\"section\">\n\t\t\t\t\t\t<div class=\"elementor-container elementor-column-gap-default\">\n\t\t\t\t\t<div class=\"elementor-column elementor-col-33 elementor-top-column elementor-element elementor-element-5e35e580\" data-id=\"5e35e580\" data-element_type=\"column\">\n\t\t\t<div class=\"elementor-widget-wrap elementor-element-populated\">\n\t\t\t\t\t\t<div class=\"elementor-element elementor-element-4dbf348b elementor-widget elementor-widget-call-to-action\" data-id=\"4dbf348b\" data-element_type=\"widget\" data-widget_type=\"call-to-action.default\">\n\t\t\t\t<div class=\"elementor-widget-container\">\n\t\t\t \t\t<\/div>\n\t\t\t\t<\/div>\n\t\t\t\t\t<\/div>\n\t\t<\/div>\n\t\t\t\t<div class=\"elementor-column elementor-col-33 elementor-top-column elementor-element elementor-element-51e72004\" data-id=\"51e72004\" data-element_type=\"column\">\n\t\t\t<div class=\"elementor-widget-wrap elementor-element-populated\">\n\t\t\t\t\t\t<div class=\"elementor-element elementor-element-4a6d73ef elementor-widget elementor-widget-call-to-action\" data-id=\"4a6d73ef\" data-element_type=\"widget\" data-widget_type=\"call-to-action.default\">\n\t\t\t\t<div class=\"elementor-widget-container\">\n\t\t\t \t\t<\/div>\n\t\t\t\t<\/div>\n\t\t\t\t\t<\/div>\n\t\t<\/div>\n\t\t\t\t<div class=\"elementor-column elementor-col-33 elementor-top-column elementor-element elementor-element-55f4e4de\" data-id=\"55f4e4de\" data-element_type=\"column\">\n\t\t\t<div class=\"elementor-widget-wrap elementor-element-populated\">\n\t\t\t\t\t\t<div class=\"elementor-element elementor-element-5a28871d elementor-widget elementor-widget-call-to-action\" data-id=\"5a28871d\" data-element_type=\"widget\" data-widget_type=\"call-to-action.default\">\n\t\t\t\t<div class=\"elementor-widget-container\">\n\t\t\t \t\t<\/div>\n\t\t\t\t<\/div>\n\t\t\t\t\t<\/div>\n\t\t<\/div>\n\t\t\t\t\t<\/div>\n\t\t<\/section>\n\t\t\t\t<section class=\"elementor-section elementor-top-section elementor-element elementor-element-77ebdd9 elementor-section-boxed elementor-section-height-default elementor-section-height-default\" data-id=\"77ebdd9\" data-element_type=\"section\">\n\t\t\t\t\t\t<div class=\"elementor-container elementor-column-gap-default\">\n\t\t\t\t\t<div class=\"elementor-column elementor-col-100 elementor-top-column elementor-element elementor-element-4bd9454\" data-id=\"4bd9454\" data-element_type=\"column\">\n\t\t\t<div class=\"elementor-widget-wrap elementor-element-populated\">\n\t\t\t\t\t\t<div class=\"elementor-element elementor-element-e0499ce elementor-widget elementor-widget-heading\" data-id=\"e0499ce\" data-element_type=\"widget\" data-widget_type=\"heading.default\">\n\t\t\t\t<div class=\"elementor-widget-container\">\n\t\t\t<h2 class=\"elementor-heading-title elementor-size-default\"><span data-elementor-setting-key=\"title\" data-pen-placeholder=\"Teclea aqu\u00ed...\" style=\"border: 0px; font-size: 35px; vertical-align: baseline; clear: both; color: rgb(0, 0, 0); line-height: 1.3; font-family: Montserrat, sans-serif; text-transform: uppercase;\">~ redes sociales ~<\/span><\/h2>\t\t<\/div>\n\t\t\t\t<\/div>\n\t\t\t\t<div class=\"elementor-element elementor-element-0b873ee elementor-shape-rounded elementor-grid-0 e-grid-align-center elementor-widget elementor-widget-social-icons\" data-id=\"0b873ee\" data-element_type=\"widget\" data-widget_type=\"social-icons.default\">\n\t\t\t\t<div class=\"elementor-widget-container\">\n\t\t\t\t\t<div class=\"elementor-social-icons-wrapper elementor-grid\">\n\t\t\t\t\t\t\t<span class=\"elementor-grid-item\">\n\t\t\t\t\t<a class=\"elementor-icon elementor-social-icon elementor-social-icon-envelope elementor-repeater-item-53020e1\" href=\"http:\/\/nimsaycoach@gmail.com\" target=\"_blank\">\n\t\t\t\t\t\t<span class=\"elementor-screen-only\">Envelope<\/span>\n\t\t\t\t\t\t<i class=\"fas fa-envelope\"><\/i>\t\t\t\t\t<\/a>\n\t\t\t\t<\/span>\n\t\t\t\t\t\t\t<span class=\"elementor-grid-item\">\n\t\t\t\t\t<a class=\"elementor-icon elementor-social-icon elementor-social-icon-instagram elementor-repeater-item-9b2ef08\" href=\"https:\/\/www.instagram.com\/shamanikx\/\" target=\"_blank\">\n\t\t\t\t\t\t<span class=\"elementor-screen-only\">Instagram<\/span>\n\t\t\t\t\t\t<i class=\"fab fa-instagram\"><\/i>\t\t\t\t\t<\/a>\n\t\t\t\t<\/span>\n\t\t\t\t\t\t\t<span class=\"elementor-grid-item\">\n\t\t\t\t\t<a class=\"elementor-icon elementor-social-icon elementor-social-icon-youtube elementor-repeater-item-d5c1260\" href=\"https:\/\/www.youtube.com\/channel\/UCAQSK6QHszlUwi9bjlk_0EA\" target=\"_blank\">\n\t\t\t\t\t\t<span class=\"elementor-screen-only\">Youtube<\/span>\n\t\t\t\t\t\t<i class=\"fab fa-youtube\"><\/i>\t\t\t\t\t<\/a>\n\t\t\t\t<\/span>\n\t\t\t\t\t<\/div>\n\t\t\t\t<\/div>\n\t\t\t\t<\/div>\n\t\t\t\t\t<\/div>\n\t\t<\/div>\n\t\t\t\t\t<\/div>\n\t\t<\/section>\n\t\t\t\t<\/div>\n\t\t","protected":false},"excerpt":{"rendered":"<p>Now Your Dreams Will Come-To-Life Come-To-Life El espacio donde podr\u00e1s encontrar la gu\u00eda, las respuestas que necesitas, la luz en momentos de oscuridad! Si te encuentras en un despertar o necesitas ayuda para ver las respuestas&#8230; Comencemos sobre mi Nacida bajo el signo de G\u00e9minis, desde peque\u00f1a he desarrollado una gran sensibilidad con los planos [&hellip;]<\/p>\n","protected":false},"author":1,"featured_media":0,"parent":0,"menu_order":0,"comment_status":"closed","ping_status":"closed","template":"","meta":{"footnotes":""},"class_list":["post-1135","page","type-page","status-publish","hentry"],"jetpack_sharing_enabled":true,"_links":{"self":[{"href":"https:\/\/shamanikx.com\/index.php\/wp-json\/wp\/v2\/pages\/1135","targetHints":{"allow":["GET"]}}],"collection":[{"href":"https:\/\/shamanikx.com\/index.php\/wp-json\/wp\/v2\/pages"}],"about":[{"href":"https:\/\/shamanikx.com\/index.php\/wp-json\/wp\/v2\/types\/page"}],"author":[{"embeddable":true,"href":"https:\/\/shamanikx.com\/index.php\/wp-json\/wp\/v2\/users\/1"}],"replies":[{"embeddable":true,"href":"https:\/\/shamanikx.com\/index.php\/wp-json\/wp\/v2\/comments?post=1135"}],"version-history":[{"count":43,"href":"https:\/\/shamanikx.com\/index.php\/wp-json\/wp\/v2\/pages\/1135\/revisions"}],"predecessor-version":[{"id":1243,"href":"https:\/\/shamanikx.com\/index.php\/wp-json\/wp\/v2\/pages\/1135\/revisions\/1243"}],"wp:attachment":[{"href":"https:\/\/shamanikx.com\/index.php\/wp-json\/wp\/v2\/media?parent=1135"}],"curies":[{"name":"wp","href":"https:\/\/api.w.org\/{rel}","templated":true}]}}