{"id":1977,"date":"2024-12-01T10:51:08","date_gmt":"2024-12-01T09:51:08","guid":{"rendered":"https:\/\/shamanikx.com\/?post_type=product&#038;p=1977"},"modified":"2026-04-13T12:18:31","modified_gmt":"2026-04-13T10:18:31","slug":"workshop-sanacion","status":"publish","type":"product","link":"https:\/\/shamanikx.com\/index.php\/producto\/workshop-sanacion\/","title":{"rendered":"Sanaci\u00f3n &#038; Glow Up"},"content":{"rendered":"<p>Bienvenid@ al SIGUIENTE y mas FANTASTICO nivel en tu experiencia f\u00edsica, pues en este taller te voy a contribuir a estallar tu consciencia para que manifiestes SANACI\u00d3N y GLOW UP de tu cuerpo f\u00edsico.<br \/>\nYa sea que quieras sanarte, ser tu mas hermosa versi\u00f3n, mejorar alg\u00fan aspecto f\u00edsico de tu ser, o transformarte&#8230; Lo vas a lograr comprendiendo todo lo que te comparto en este potentisimo y grandioso pack de consciencia, ademas de su SUPER POWER meditaci\u00f3n para adentrarte en TU CUERPO DESEADO, y el subliminal para utilizar por las noches o durante el d\u00eda y as\u00ed reprogramar tu subconsciente.<\/p>\n<p>Contenido del pack:<br \/>\n~Libro.<br \/>\n~Meditaci\u00f3n.<br \/>\n~Subliminal.<br \/>\n~Video explicativo.<\/p>\n<p>*Importante: UNA VEZ COMPROBADO EL PAGO EXITOSO, SE ENVIAR\u00c1 EL LINK DE ACCESO CON EL CORREO QUE HAYAS INDICADO EN LA COMPRA, DENTRO DE LAS SIGUIENTES 48HS :)*<\/p>\n","protected":false},"excerpt":{"rendered":"<p><strong>Bienvenid@ al SIGUIENTE y mas FANTASTICO nivel en tu experiencia f\u00edsica, pues en este taller te voy a contribuir a estallar tu consciencia para que manifiestes SANACI\u00d3N y GLOW UP de tu cuerpo f\u00edsico.<\/strong><br \/>\n<strong>Ya sea que quieras sanarte, ser tu mas hermosa versi\u00f3n, mejorar alg\u00fan aspecto f\u00edsico de tu ser, o transformarte&#8230; Lo vas a lograr comprendiendo todo lo que te comparto en este potentisimo y grandioso pack de consciencia, ademas de su SUPER POWER meditaci\u00f3n para adentrarte en TU CUERPO DESEADO, y el subliminal para utilizar por las noches o durante el d\u00eda y as\u00ed reprogramar tu subconsciente.<\/strong><\/p>\n<p><strong>Contenido del pack:<\/strong><br \/>\n<strong>~Libro.<\/strong><br \/>\n<strong>~Meditaci\u00f3n.<\/strong><br \/>\n<strong>~Subliminal.<\/strong><br \/>\n<strong>~Video explicativo.<\/strong><\/p>\n<p><strong>*Importante: UNA VEZ COMPROBADO EL PAGO EXITOSO, SE ENVIAR\u00c1 EL LINK DE ACCESO CON EL CORREO QUE HAYAS INDICADO EN LA COMPRA, DENTRO DE LAS SIGUIENTES 48HS :)*<\/strong><\/p>\n","protected":false},"featured_media":1978,"template":"","meta":[],"product_brand":[],"product_cat":[20],"product_tag":[],"class_list":{"0":"post-1977","1":"product","2":"type-product","3":"status-publish","4":"has-post-thumbnail","6":"product_cat-sin-categorizar","8":"first","9":"instock","10":"virtual","11":"purchasable","12":"product-type-simple"},"jetpack_sharing_enabled":true,"_links":{"self":[{"href":"https:\/\/shamanikx.com\/index.php\/wp-json\/wp\/v2\/product\/1977","targetHints":{"allow":["GET"]}}],"collection":[{"href":"https:\/\/shamanikx.com\/index.php\/wp-json\/wp\/v2\/product"}],"about":[{"href":"https:\/\/shamanikx.com\/index.php\/wp-json\/wp\/v2\/types\/product"}],"wp:featuredmedia":[{"embeddable":true,"href":"https:\/\/shamanikx.com\/index.php\/wp-json\/wp\/v2\/media\/1978"}],"wp:attachment":[{"href":"https:\/\/shamanikx.com\/index.php\/wp-json\/wp\/v2\/media?parent=1977"}],"wp:term":[{"taxonomy":"product_brand","embeddable":true,"href":"https:\/\/shamanikx.com\/index.php\/wp-json\/wp\/v2\/product_brand?post=1977"},{"taxonomy":"product_cat","embeddable":true,"href":"https:\/\/shamanikx.com\/index.php\/wp-json\/wp\/v2\/product_cat?post=1977"},{"taxonomy":"product_tag","embeddable":true,"href":"https:\/\/shamanikx.com\/index.php\/wp-json\/wp\/v2\/product_tag?post=1977"}],"curies":[{"name":"wp","href":"https:\/\/api.w.org\/{rel}","templated":true}]}}