{"id":2086,"date":"2025-02-20T09:46:34","date_gmt":"2025-02-20T08:46:34","guid":{"rendered":"https:\/\/shamanikx.com\/?post_type=product&#038;p=2086"},"modified":"2025-11-10T10:56:24","modified_gmt":"2025-11-10T09:56:24","slug":"3-preguntas-al-oraculo","status":"publish","type":"product","link":"https:\/\/shamanikx.com\/index.php\/producto\/3-preguntas-al-oraculo\/","title":{"rendered":"Consulta al oraculo"},"content":{"rendered":"<p>Consulta personal al ORACULO (runas, tarot y el or\u00e1culo que sea resonante a tu situaci\u00f3n):<br \/>\nRealizar 3 preguntas ESPECIFICAS sobre lo que sientas que necesites obtener total claridad, entendimiento y comprensi\u00f3n. La respuesta a cada consulta se realizar\u00e1 en formato ESCRITO, y se adjuntara (junto con el texto de cada consulta) la imagen de las cartas de cada consulta.<\/p>\n<p>Manera de proceder:<br \/>\nUna vez realizado el pago env\u00eda un correo con tus 3 preguntas al correo: nimsaycoach@gmail.com<br \/>\nRecibir\u00e1s las im\u00e1genes de las cartas que han salido a la hora de realizar cada una de las preguntas que envies, as\u00ed como su canalizaci\u00f3n directa.<\/p>\n","protected":false},"excerpt":{"rendered":"<p><strong>Consulta personal al ORACULO (runas, tarot y el or\u00e1culo que sea resonante a tu situaci\u00f3n):\u00a0Realizar 3 preguntas ESPECIFICAS sobre lo que sientas que necesites obtener total claridad, entendimiento y comprensi\u00f3n. La respuesta a cada consulta se realizar\u00e1 en formato ESCRITO, y se adjuntara (junto con el texto de cada consulta) la imagen de las cartas de cada consulta.<\/strong><\/p>\n<p><strong>Manera de proceder:<\/strong><br \/>\n<strong>Una vez realizado el pago env\u00eda un correo con tus 3 preguntas al correo: nimsaycoach@gmail.com<\/strong><br \/>\n<strong>Recibir\u00e1s las im\u00e1genes de las cartas que han salido a la hora de realizar cada una de las preguntas que envies, as\u00ed como su canalizaci\u00f3n directa.<\/strong><\/p>\n","protected":false},"featured_media":737,"template":"","meta":[],"product_brand":[],"product_cat":[20],"product_tag":[],"class_list":{"0":"post-2086","1":"product","2":"type-product","3":"status-publish","4":"has-post-thumbnail","6":"product_cat-sin-categorizar","8":"first","9":"instock","10":"virtual","11":"purchasable","12":"product-type-simple"},"jetpack_sharing_enabled":true,"_links":{"self":[{"href":"https:\/\/shamanikx.com\/index.php\/wp-json\/wp\/v2\/product\/2086","targetHints":{"allow":["GET"]}}],"collection":[{"href":"https:\/\/shamanikx.com\/index.php\/wp-json\/wp\/v2\/product"}],"about":[{"href":"https:\/\/shamanikx.com\/index.php\/wp-json\/wp\/v2\/types\/product"}],"wp:featuredmedia":[{"embeddable":true,"href":"https:\/\/shamanikx.com\/index.php\/wp-json\/wp\/v2\/media\/737"}],"wp:attachment":[{"href":"https:\/\/shamanikx.com\/index.php\/wp-json\/wp\/v2\/media?parent=2086"}],"wp:term":[{"taxonomy":"product_brand","embeddable":true,"href":"https:\/\/shamanikx.com\/index.php\/wp-json\/wp\/v2\/product_brand?post=2086"},{"taxonomy":"product_cat","embeddable":true,"href":"https:\/\/shamanikx.com\/index.php\/wp-json\/wp\/v2\/product_cat?post=2086"},{"taxonomy":"product_tag","embeddable":true,"href":"https:\/\/shamanikx.com\/index.php\/wp-json\/wp\/v2\/product_tag?post=2086"}],"curies":[{"name":"wp","href":"https:\/\/api.w.org\/{rel}","templated":true}]}}