{"id":2244,"date":"2025-06-19T21:52:12","date_gmt":"2025-06-19T19:52:12","guid":{"rendered":"https:\/\/shamanikx.com\/?post_type=product&#038;p=2244"},"modified":"2026-04-11T12:00:16","modified_gmt":"2026-04-11T10:00:16","slug":"lavidadetussuenos","status":"publish","type":"product","link":"https:\/\/shamanikx.com\/index.php\/producto\/lavidadetussuenos\/","title":{"rendered":"Crear la vida de tus sue\u00f1os"},"content":{"rendered":"<p>Bienvenid@ al pack de consciencia del nuevo nivel donde MANIFESTAMOS DE MANERA FACIL, RAPIDA, Y MAGICA LA ABSOLUTA VIDA DE TUS SUE\u00d1OS!<br \/>\nPorque si te sucede como a mi me ha pasado desde el comienzo de mi despertar de consciencia: Estas hasta el mo\u00f1o de tantas reglas, de tantas vueltas y limitaciones para experimentar LO QUE SEA QUE REALMENTE DESEES&#8230; Pues YA NO MAS!<\/p>\n<p>Aqui te ense\u00f1o mi 6 pasos FACILES, SENCILLOS, y GRANDIOSOS que no solamente te van a permitir comprender tu manera \u00fanica de manifestar, tu manera \u00fanica de operar la realidad, y expandir tu ser al siguiente nivel as\u00ed como manifestar la vida que TANTO VISIONAS EN TU MUNDO INTERNO, y que SABES que es la vida que REALMENTE MERECES (fuera de toda l\u00f3gica, fuera de toda solidez, fuera de toda explicacion, sin limites ni reglas).<\/p>\n<p>En este pack de consciencia vas a encontrar todo explicado en videos (mas de una hora de duraci\u00f3n de manera SUPER FACIL), ademas de su libro con toda la informaci\u00f3n detallada y extras.<br \/>\nLo que ense\u00f1o aqui es lo que YO aplico d\u00eda a d\u00eda, momento a momento para seguir expandiendo mi vida de ensue\u00f1o EN PURA MAGIA FUERA DE TODA LOGICA y NO ASENTARME POR MENOS de lo que s\u00e9 que merezco, y de lo que deseo. PUNTO!!<\/p>\n<p>Incluye:<br \/>\n~10 videos explicativos de consciencia.<br \/>\n~Libro explicativo.<br \/>\n~Plantilla de ejercicio DREAM SELF (encarnar la versi\u00f3n de ti que YA experimenta tu deseo).<br \/>\n~Subliminal de manifestaci\u00f3n instantanea.<\/p>\n<p>Comencemos \ud83d\ude09<\/p>\n<p>*Importante: UNA VEZ COMPROBADO EL PAGO EXITOSO, SE ENVIAR\u00c1 EL LINK DE ACCESO CON EL CORREO QUE HAYAS INDICADO EN LA COMPRA, DENTRO DE LAS SIGUIENTES 48HS :)*<\/p>\n","protected":false},"excerpt":{"rendered":"<p><strong>Bienvenid@ al pack de consciencia del nuevo nivel donde MANIFESTAMOS DE MANERA FACIL, RAPIDA, Y MAGICA LA ABSOLUTA VIDA DE TUS SUE\u00d1OS!<\/strong><br \/>\n<strong>Porque si te sucede como a mi me ha pasado desde el comienzo de mi despertar de consciencia: Estas hasta el mo\u00f1o de tantas reglas, de tantas vueltas y limitaciones para experimentar LO QUE SEA QUE REALMENTE DESEES&#8230; Pues YA NO MAS!<\/strong><\/p>\n<p><strong>Aqui te ense\u00f1o mi 6 pasos FACILES, SENCILLOS, y GRANDIOSOS que no solamente te van a permitir comprender tu manera \u00fanica de manifestar, tu manera \u00fanica de operar la realidad, y expandir tu ser al siguiente nivel as\u00ed como manifestar la vida que TANTO VISIONAS EN TU MUNDO INTERNO, y que SABES que es la vida que REALMENTE MERECES (fuera de toda l\u00f3gica, fuera de toda solidez, fuera de toda explicacion, sin limites ni reglas).<\/strong><\/p>\n<p><strong>En este pack de consciencia vas a encontrar todo explicado en videos (mas de una hora de duraci\u00f3n de manera SUPER FACIL), ademas de su libro con toda la informaci\u00f3n detallada y extras.<\/strong><br \/>\n<strong>Lo que ense\u00f1o aqui es lo que YO aplico d\u00eda a d\u00eda, momento a momento para seguir expandiendo mi vida de ensue\u00f1o EN PURA MAGIA FUERA DE TODA LOGICA y NO ASENTARME POR MENOS de lo que s\u00e9 que merezco, y de lo que deseo. PUNTO!!<\/strong><\/p>\n<p><strong>Incluye:<\/strong><br \/>\n<strong>~10 videos explicativos de consciencia.<\/strong><br \/>\n<strong>~Libro explicativo.<\/strong><br \/>\n<strong>~Plantilla de ejercicio DREAM SELF (encarnar la versi\u00f3n de ti que YA experimenta tu deseo).<\/strong><br \/>\n<strong>~Subliminal de manifestaci\u00f3n instantanea.<\/strong><\/p>\n<p><strong>Comencemos \ud83d\ude09<\/strong><\/p>\n<p><strong>*Importante: UNA VEZ COMPROBADO EL PAGO EXITOSO, SE ENVIAR\u00c1 EL LINK DE ACCESO CON EL CORREO QUE HAYAS INDICADO EN LA COMPRA, DENTRO DE LAS SIGUIENTES 48HS :)*<\/strong><\/p>\n","protected":false},"featured_media":2337,"template":"","meta":[],"product_brand":[],"product_cat":[20],"product_tag":[],"class_list":{"0":"post-2244","1":"product","2":"type-product","3":"status-publish","4":"has-post-thumbnail","6":"product_cat-sin-categorizar","8":"first","9":"instock","10":"sale","11":"virtual","12":"purchasable","13":"product-type-simple"},"jetpack_sharing_enabled":true,"_links":{"self":[{"href":"https:\/\/shamanikx.com\/index.php\/wp-json\/wp\/v2\/product\/2244","targetHints":{"allow":["GET"]}}],"collection":[{"href":"https:\/\/shamanikx.com\/index.php\/wp-json\/wp\/v2\/product"}],"about":[{"href":"https:\/\/shamanikx.com\/index.php\/wp-json\/wp\/v2\/types\/product"}],"wp:featuredmedia":[{"embeddable":true,"href":"https:\/\/shamanikx.com\/index.php\/wp-json\/wp\/v2\/media\/2337"}],"wp:attachment":[{"href":"https:\/\/shamanikx.com\/index.php\/wp-json\/wp\/v2\/media?parent=2244"}],"wp:term":[{"taxonomy":"product_brand","embeddable":true,"href":"https:\/\/shamanikx.com\/index.php\/wp-json\/wp\/v2\/product_brand?post=2244"},{"taxonomy":"product_cat","embeddable":true,"href":"https:\/\/shamanikx.com\/index.php\/wp-json\/wp\/v2\/product_cat?post=2244"},{"taxonomy":"product_tag","embeddable":true,"href":"https:\/\/shamanikx.com\/index.php\/wp-json\/wp\/v2\/product_tag?post=2244"}],"curies":[{"name":"wp","href":"https:\/\/api.w.org\/{rel}","templated":true}]}}