{"id":2279,"date":"2025-08-22T12:12:40","date_gmt":"2025-08-22T10:12:40","guid":{"rendered":"https:\/\/shamanikx.com\/?post_type=product&#038;p=2279"},"modified":"2025-10-14T12:29:47","modified_gmt":"2025-10-14T10:29:47","slug":"ritual-manifestar-tu-p-e","status":"publish","type":"product","link":"https:\/\/shamanikx.com\/index.php\/producto\/ritual-manifestar-tu-p-e\/","title":{"rendered":"Ritual manifestar tu P.E"},"content":{"rendered":"<p>Ritual m\u00e1gico con velas y energ\u00eda de amor y sanaci\u00f3n para manifestar la MAS GRANDIOSA VERSION de tu Persona Especial (o si no tienes una persona en especifico, igualmente funciona para atraer a tu realidad a la persona perfecta que cumple con TODOS tus puntos de la lista).<\/p>\n<p>En este ritual movilizaremos toda esa energ\u00eda de tu deseo para que se muestre en tu realidad tu P.E en la versi\u00f3n fant\u00e1stica, amorosa, y todo lo que visionas cuando movilizas esta energia de tu deseo, de tu manifestaci\u00f3n.<\/p>\n<p>Esto NO ES un endulzamiento. Esto es magia energ\u00e9tica para manifestar la versi\u00f3n MAS FANTASTICA (de las INFINITAS versiones de tu P.E, como explico en mi creaci\u00f3n \u00abmanifestar tu P.E\u00bb que puedes encontrar aqui en la tienda para comprender mas en profundidad al respecto), que es EXACTAMENTE la que TU estas viendo cuando cierras los ojos y conectas con esa realidad.<br \/>\nRecuerda que esta contribuci\u00f3n tiene un efecto potente y m\u00e1gico porque TU estas realizando todo ese proceso de manifestaci\u00f3n de ESA VERSION ESPECIFICA de tu P.E \ud83d\ude42<\/p>\n<p>Esta es una movilizaci\u00f3n energ\u00e9tica interdimensional. NO es f\u00edsico ni l\u00f3gico.<br \/>\nConectamos ESPECIFICAMENTE con la versi\u00f3n PUNTUAL QUE TUESTAS MANIFESTANDO de tu P.E para que se haga visible patentemente en tu realidad y experimentes esa relaci\u00f3n tan m\u00e1gica, sana, y hermosa que mereces simplemente por existir &lt;3<\/p>\n<p>Este es un ritual a distancia. Al finalizarse la vela te ser\u00e1 enviado el mensaje canalizado del resto final del ritual para que sepas con total claridad la energ\u00eda a encarnar (estado del ser) y as\u00ed facilitar ese RECIBIR de tu P.E en su mas grandiosa versi\u00f3n \ud83d\ude42<\/p>\n<p>*Importante: UNA VEZ REALIZADA LA COMPRA DEL SERVICIO ENVIA AL CORREO \u00abnimsaycoach@gmail.com\u00bb TUS DATOS (nombre y apellido) AL IGUAL QUE LOS DE TU P.E*<\/p>\n","protected":false},"excerpt":{"rendered":"<p><strong>Ritual m\u00e1gico con velas y energ\u00eda de amor y sanaci\u00f3n para manifestar la MAS GRANDIOSA VERSION de tu Persona Especial (o si no tienes una persona en especifico, igualmente funciona para atraer a tu realidad a la persona perfecta que cumple con TODOS tus puntos de la lista).<\/strong><\/p>\n<p><strong>En este ritual movilizaremos toda esa energ\u00eda de tu deseo para que se muestre en tu realidad tu P.E en la versi\u00f3n fant\u00e1stica, amorosa, y todo lo que visionas cuando movilizas esta energia de tu deseo, de tu manifestaci\u00f3n.<\/strong><\/p>\n<p><strong>Esto NO ES un endulzamiento. Esto es magia energ\u00e9tica para manifestar la versi\u00f3n MAS FANTASTICA (de las INFINITAS versiones de tu P.E, como explico en mi creaci\u00f3n \u00abmanifestar tu P.E\u00bb que puedes encontrar aqui en la tienda para comprender mas en profundidad al respecto), que es EXACTAMENTE la que TU estas viendo cuando cierras los ojos y conectas con esa realidad.<\/strong><\/p>\n<p><strong>Ritual a distancia. Al finalizarse la vela te ser\u00e1 enviado el mensaje canalizado del resto final del ritual para que sepas con total claridad la energ\u00eda a encarnar (estado del ser) ya si facilitar ese RECIBIR de tu P.E en su mas grandiosa versi\u00f3n \ud83d\ude42<\/strong><\/p>\n<p><strong>*Importante: UNA VEZ REALIZADA LA COMPRA DEL SERVICIO ENVIA AL CORREO \u00abnimsaycoach@gmail.com\u00bb TUS DATOS (nombre y apellido) AL IGUAL QUE LOS DE TU P.E*<\/strong><\/p>\n","protected":false},"featured_media":2280,"template":"","meta":[],"product_brand":[],"product_cat":[20],"product_tag":[],"class_list":{"0":"post-2279","1":"product","2":"type-product","3":"status-publish","4":"has-post-thumbnail","6":"product_cat-sin-categorizar","8":"first","9":"instock","10":"virtual","11":"purchasable","12":"product-type-simple"},"jetpack_sharing_enabled":true,"_links":{"self":[{"href":"https:\/\/shamanikx.com\/index.php\/wp-json\/wp\/v2\/product\/2279","targetHints":{"allow":["GET"]}}],"collection":[{"href":"https:\/\/shamanikx.com\/index.php\/wp-json\/wp\/v2\/product"}],"about":[{"href":"https:\/\/shamanikx.com\/index.php\/wp-json\/wp\/v2\/types\/product"}],"wp:featuredmedia":[{"embeddable":true,"href":"https:\/\/shamanikx.com\/index.php\/wp-json\/wp\/v2\/media\/2280"}],"wp:attachment":[{"href":"https:\/\/shamanikx.com\/index.php\/wp-json\/wp\/v2\/media?parent=2279"}],"wp:term":[{"taxonomy":"product_brand","embeddable":true,"href":"https:\/\/shamanikx.com\/index.php\/wp-json\/wp\/v2\/product_brand?post=2279"},{"taxonomy":"product_cat","embeddable":true,"href":"https:\/\/shamanikx.com\/index.php\/wp-json\/wp\/v2\/product_cat?post=2279"},{"taxonomy":"product_tag","embeddable":true,"href":"https:\/\/shamanikx.com\/index.php\/wp-json\/wp\/v2\/product_tag?post=2279"}],"curies":[{"name":"wp","href":"https:\/\/api.w.org\/{rel}","templated":true}]}}