{"id":2289,"date":"2025-08-24T18:56:32","date_gmt":"2025-08-24T16:56:32","guid":{"rendered":"https:\/\/shamanikx.com\/?post_type=product&#038;p=2289"},"modified":"2025-10-14T12:31:02","modified_gmt":"2025-10-14T10:31:02","slug":"rituallavidadetussuenos","status":"publish","type":"product","link":"https:\/\/shamanikx.com\/index.php\/producto\/rituallavidadetussuenos\/","title":{"rendered":"Ritual la vida de tus sue\u00f1os"},"content":{"rendered":"<p>Ritual m\u00e1gico con velas y la energ\u00eda de tu vida de ensue\u00f1o, especialmente dedicado a quienes est\u00e1n manifestando su vida de ensue\u00f1o, o el siguiente nivel en su negocio o en su vida en general.<\/p>\n<p>En este ritual te contribuyo con esta energ\u00eda a movilizar absolutamente TODO lo que pueda llegar a encontrarse \u00aben medio\u00bb, desatascar cualquier solidez, aportar facilidad, magia, disfrute, placer, y que APAREZCAN ANTE TI, lleguen a ti, TODAS LAS IDEAS Y LA INSPIRACI\u00d3N que te permite manifestar esa vida de ensue\u00f1o que estas procesando \ud83d\ude42<\/p>\n<p>Este es un ritual a distancia. Al finalizarse la vela te ser\u00e1 enviado el mensaje canalizado del resto final del ritual para que sepas con total claridad la energ\u00eda a encarnar (estado del ser) y as\u00ed facilitar el recibir TODAS las ideas, pasos, acciones inspiradas, y dem\u00e1s, que sean RELEVANTES y el camino de MENOR RESISTENCIA para comenzar desde YA a vivir tu vida de ensue\u00f1o.<\/p>\n<p>Esta es una ASISTENCIA Y APORTE de toda esta energ\u00eda explicada previamente, que tiene un resultado potente y muy m\u00e1gico porque TU ESTAS MANIFESTANDO esta vida hermosa y fant\u00e1stica, que te mereces por el simple hecho de estar en esta tierra &lt;3<\/p>\n<p>*Importante: UNA VEZ REALIZADA LA COMPRA DEL SERVICIO ENVIA AL CORREO \u00abnimsaycoach@gmail.com\u00bb TUS DATOS (nombre y apellido)*<\/p>\n","protected":false},"excerpt":{"rendered":"<p><strong>Ritual m\u00e1gico con velas y la energ\u00eda de la vida de ensue\u00f1o, especialmente dedicado a quienes est\u00e1n manifestando su vida de ensue\u00f1o, o el siguiente nivel en su negocio o en su vida en general.<\/strong><\/p>\n<p><strong>En este ritual te contribuyo con esta energ\u00eda a movilizar absolutamente TODO lo que pueda llegar a encontrarse \u00aben medio\u00bb, desatascar cualquier solidez, aportar facilidad, magia, disfrute, placer, y que APAREZCAN ANTE TI, lleguen a ti, TODAS LAS IDEAS Y LA INSPIRACI\u00d3N que te permite manifestar esa vida de ensue\u00f1o que estas procesando \ud83d\ude42<\/strong><\/p>\n<p><strong>Este es un ritual a distancia. Al finalizarse la vela te ser\u00e1 enviado el mensaje canalizado del resto final del ritual para que sepas con total claridad la energ\u00eda a encarnar (estado del ser) y as\u00ed facilitar el recibir TODAS las ideas, pasos, acciones inspiradas, y dem\u00e1s, que sean RELEVANTES y el camino de MENOR RESISTENCIA para comenzar desde YA a vivir tu vida de ensue\u00f1o.<\/strong><\/p>\n<p><strong>Esta es una ASISTENCIA Y APORTE de toda esta energ\u00eda explicada previamente, que tiene un resultado potente y muy m\u00e1gico porque TU ESTAS MANIFESTANDO esta vida hermosa y fant\u00e1stica, que te mereces por el simple hecho de estar en esta tierra &lt;3<\/strong><\/p>\n<p><strong>*Importante: UNA VEZ REALIZADA LA COMPRA DEL SERVICIO ENVIA AL CORREO \u00abnimsaycoach@gmail.com\u00bb TUS DATOS (nombre y apellido)*<\/strong><\/p>\n","protected":false},"featured_media":2293,"template":"","meta":[],"product_brand":[],"product_cat":[20],"product_tag":[],"class_list":{"0":"post-2289","1":"product","2":"type-product","3":"status-publish","4":"has-post-thumbnail","6":"product_cat-sin-categorizar","8":"first","9":"instock","10":"virtual","11":"purchasable","12":"product-type-simple"},"jetpack_sharing_enabled":true,"_links":{"self":[{"href":"https:\/\/shamanikx.com\/index.php\/wp-json\/wp\/v2\/product\/2289","targetHints":{"allow":["GET"]}}],"collection":[{"href":"https:\/\/shamanikx.com\/index.php\/wp-json\/wp\/v2\/product"}],"about":[{"href":"https:\/\/shamanikx.com\/index.php\/wp-json\/wp\/v2\/types\/product"}],"wp:featuredmedia":[{"embeddable":true,"href":"https:\/\/shamanikx.com\/index.php\/wp-json\/wp\/v2\/media\/2293"}],"wp:attachment":[{"href":"https:\/\/shamanikx.com\/index.php\/wp-json\/wp\/v2\/media?parent=2289"}],"wp:term":[{"taxonomy":"product_brand","embeddable":true,"href":"https:\/\/shamanikx.com\/index.php\/wp-json\/wp\/v2\/product_brand?post=2289"},{"taxonomy":"product_cat","embeddable":true,"href":"https:\/\/shamanikx.com\/index.php\/wp-json\/wp\/v2\/product_cat?post=2289"},{"taxonomy":"product_tag","embeddable":true,"href":"https:\/\/shamanikx.com\/index.php\/wp-json\/wp\/v2\/product_tag?post=2289"}],"curies":[{"name":"wp","href":"https:\/\/api.w.org\/{rel}","templated":true}]}}