{"id":2307,"date":"2025-09-19T09:49:16","date_gmt":"2025-09-19T07:49:16","guid":{"rendered":"https:\/\/shamanikx.com\/?post_type=product&#038;p=2307"},"modified":"2025-10-14T12:24:21","modified_gmt":"2025-10-14T10:24:21","slug":"subliminal-remover-3p","status":"publish","type":"product","link":"https:\/\/shamanikx.com\/index.php\/producto\/subliminal-remover-3p\/","title":{"rendered":"Subliminal: Remover 3P"},"content":{"rendered":"<p>Subliminal creado 100% por mi, con la energ\u00eda \u00abTU ERES UNIC@ EN TU RELACION MAS FANTASTICA CON TU P.E\u00bb. Con afirmaciones~ordenes al subconsciente para remover TODA creencia que haya podido encontrarse relacionando esta relaci\u00f3n grandiosa con personas ajenas, plantando las nuevas creencias en ABSOLUTA RESONANCIA que TU y tu P.E YA est\u00e1n juntos y SIEMPRE han estado perfectamente bien disfrutando de la relaci\u00f3n mas grandiosa \ud83d\ude42<\/p>\n<p><strong>*Importante: UNA VEZ COMPROBADO EL PAGO EXITOSO, SE ENVIAR\u00c1 EL LINK DE ACCESO CON EL CORREO QUE HAYAS INDICADO EN LA COMPRA, DENTRO DE LAS SIGUIENTES 48HS :)*<\/strong><\/p>\n","protected":false},"excerpt":{"rendered":"<p><strong>Subliminal creado 100% por mi, con la energ\u00eda \u00abTU ERES UNIC@ EN TU RELACION MAS FANTASTICA CON TU P.E\u00bb. Con afirmaciones~ordenes al subconsciente para remover TODA creencia que haya podido encontrarse relacionando esta relaci\u00f3n grandiosa con personas ajenas, plantando las nuevas creencias en ABSOLUTA RESONANCIA que TU y tu P.E YA est\u00e1n juntos y SIEMPRE han estado perfectamente bien disfrutando de la relaci\u00f3n mas grandiosa \ud83d\ude42<\/strong><\/p>\n<p><strong>*Importante: UNA VEZ COMPROBADO EL PAGO EXITOSO, SE ENVIAR\u00c1 EL LINK DE ACCESO CON EL CORREO QUE HAYAS INDICADO EN LA COMPRA, DENTRO DE LAS SIGUIENTES 48HS :)*<\/strong><\/p>\n","protected":false},"featured_media":1325,"template":"","meta":[],"product_brand":[],"product_cat":[20],"product_tag":[],"class_list":{"0":"post-2307","1":"product","2":"type-product","3":"status-publish","4":"has-post-thumbnail","6":"product_cat-sin-categorizar","8":"first","9":"instock","10":"virtual","11":"purchasable","12":"product-type-simple"},"jetpack_sharing_enabled":true,"_links":{"self":[{"href":"https:\/\/shamanikx.com\/index.php\/wp-json\/wp\/v2\/product\/2307","targetHints":{"allow":["GET"]}}],"collection":[{"href":"https:\/\/shamanikx.com\/index.php\/wp-json\/wp\/v2\/product"}],"about":[{"href":"https:\/\/shamanikx.com\/index.php\/wp-json\/wp\/v2\/types\/product"}],"wp:featuredmedia":[{"embeddable":true,"href":"https:\/\/shamanikx.com\/index.php\/wp-json\/wp\/v2\/media\/1325"}],"wp:attachment":[{"href":"https:\/\/shamanikx.com\/index.php\/wp-json\/wp\/v2\/media?parent=2307"}],"wp:term":[{"taxonomy":"product_brand","embeddable":true,"href":"https:\/\/shamanikx.com\/index.php\/wp-json\/wp\/v2\/product_brand?post=2307"},{"taxonomy":"product_cat","embeddable":true,"href":"https:\/\/shamanikx.com\/index.php\/wp-json\/wp\/v2\/product_cat?post=2307"},{"taxonomy":"product_tag","embeddable":true,"href":"https:\/\/shamanikx.com\/index.php\/wp-json\/wp\/v2\/product_tag?post=2307"}],"curies":[{"name":"wp","href":"https:\/\/api.w.org\/{rel}","templated":true}]}}