{"id":2420,"date":"2026-02-17T18:03:22","date_gmt":"2026-02-17T17:03:22","guid":{"rendered":"https:\/\/shamanikx.com\/?post_type=product&#038;p=2420"},"modified":"2026-02-17T18:03:22","modified_gmt":"2026-02-17T17:03:22","slug":"correo-respuesta","status":"publish","type":"product","link":"https:\/\/shamanikx.com\/index.php\/producto\/correo-respuesta\/","title":{"rendered":"Correo respuesta"},"content":{"rendered":"<p>1 correo respuesta para asistirte a encontrar aquello que no estas pudiendo ver desde el punto actual del consciencia.<\/p>\n<p>Una vez realizado el pago de este servicio la pagina te redirigira autom\u00e1ticamente al documento para que lo descargues y respondas. Una vez hecho esto envialo al correo \u00abnimsaycoach@gmail.com\u00bb para poder asistirte, merc\u00e1ndote cada punto, su significado (junto con una explicaci\u00f3n profunda para que tu puedas COMPRENDERLO y elevarte). Realizar\u00e9 la decodificaci\u00f3n a tu mundo interno en base a las respuestas que hayas dado en el documento, con le objetivo de aportarte total claridad, entendimiento y comprensi\u00f3n, en caso de que sientas que necesitas mi asistencia personal y no has estado pudiendo ver donde yace el loop del patr\u00f3n, o creencias en cuesti\u00f3n.<\/p>\n<p>Lo que hago en este servios es EXACTAMENTE LO MISMO que ense\u00f1o en mi pack de consciencia DESLIMITATE \ud83d\ude42 Puedes aprender a hacerlo por ti mismx en ese pack (lo encuentras en la secci\u00f3n \u00abtienda\u00bb).<\/p>\n<p><strong>Tiempo de respuesta: Dentro de los siguientes 7 dias comprobado que todo est\u00e1 correcto con el pago.<\/strong><\/p>\n<p><strong>IMPORTANTE: Tiempo de duracion del correo: 1 mes desde la compra.<\/strong><br \/>\n<strong>Una vez pasado el mes el correo queda anulado si no se ha utilizado hasta entonces!<\/strong><\/p>\n","protected":false},"excerpt":{"rendered":"<p><strong>1 correo respuesta para asistirte a encontrar aquello que no estas pudiendo ver desde el punto actual del consciencia.<\/strong><\/p>\n<p><strong>Una vez realizado el pago de este servicio la pagina te redirigira autom\u00e1ticamente al documento para que lo descargues y respondas. Una vez hecho esto envialo al correo \u00abnimsaycoach@gmail.com\u00bb para poder asistirte, merc\u00e1ndote cada punto, su significado (junto con una explicaci\u00f3n profunda para que tu puedas COMPRENDERLO y elevarte). Realizar\u00e9 la decodificaci\u00f3n a tu mundo interno en base a las respuestas que hayas dado en el documento, con le objetivo de aportarte total claridad, entendimiento y comprensi\u00f3n, en caso de que sientas que necesitas mi asistencia personal y no has estado pudiendo ver donde yace el loop del patr\u00f3n, o creencias en cuesti\u00f3n.<\/strong><\/p>\n<p><strong>Lo que hago en este servios es EXACTAMENTE LO MISMO que ense\u00f1o en mi pack de consciencia DESLIMITATE \ud83d\ude42 Puedes aprender a hacerlo por ti mismx en ese pack (lo encuentras en la secci\u00f3n \u00abtienda\u00bb).<\/strong><\/p>\n<p><strong>Tiempo de respuesta: Dentro de los siguientes 7 dias comprobado que todo est\u00e1 correcto con el pago.<\/strong><\/p>\n<p><strong>IMPORTANTE: Tiempo de duracion del correo: 1 mes desde la compra.<\/strong><br \/>\n<strong>Una vez pasado el mes el correo queda anulado si no se ha utilizado hasta entonces!<\/strong><\/p>\n","protected":false},"featured_media":2032,"template":"","meta":[],"product_brand":[],"product_cat":[20],"product_tag":[],"class_list":{"0":"post-2420","1":"product","2":"type-product","3":"status-publish","4":"has-post-thumbnail","6":"product_cat-sin-categorizar","8":"first","9":"instock","10":"downloadable","11":"virtual","12":"purchasable","13":"product-type-simple"},"jetpack_sharing_enabled":true,"_links":{"self":[{"href":"https:\/\/shamanikx.com\/index.php\/wp-json\/wp\/v2\/product\/2420","targetHints":{"allow":["GET"]}}],"collection":[{"href":"https:\/\/shamanikx.com\/index.php\/wp-json\/wp\/v2\/product"}],"about":[{"href":"https:\/\/shamanikx.com\/index.php\/wp-json\/wp\/v2\/types\/product"}],"wp:featuredmedia":[{"embeddable":true,"href":"https:\/\/shamanikx.com\/index.php\/wp-json\/wp\/v2\/media\/2032"}],"wp:attachment":[{"href":"https:\/\/shamanikx.com\/index.php\/wp-json\/wp\/v2\/media?parent=2420"}],"wp:term":[{"taxonomy":"product_brand","embeddable":true,"href":"https:\/\/shamanikx.com\/index.php\/wp-json\/wp\/v2\/product_brand?post=2420"},{"taxonomy":"product_cat","embeddable":true,"href":"https:\/\/shamanikx.com\/index.php\/wp-json\/wp\/v2\/product_cat?post=2420"},{"taxonomy":"product_tag","embeddable":true,"href":"https:\/\/shamanikx.com\/index.php\/wp-json\/wp\/v2\/product_tag?post=2420"}],"curies":[{"name":"wp","href":"https:\/\/api.w.org\/{rel}","templated":true}]}}